{"id":1396,"date":"2022-06-20T18:16:03","date_gmt":"2022-06-20T18:16:03","guid":{"rendered":"https:\/\/monicalinaresescritora.com\/?page_id=1396"},"modified":"2026-04-08T16:29:43","modified_gmt":"2026-04-08T16:29:43","slug":"luchar-a-contracorriente","status":"publish","type":"page","link":"https:\/\/monicalinaresescritora.com\/index.php\/luchar-a-contracorriente\/","title":{"rendered":"Luchar a contracorriente"},"content":{"rendered":"\n<h2 class=\"wp-block-heading\">LUCHAR A CONTRACORRIENTE <\/h2>\n\n\n\n<div style=\"height:36px\" aria-hidden=\"true\" class=\"wp-block-spacer\"><\/div>\n\n\n\n<div class=\"wp-block-columns is-layout-flex wp-container-core-columns-is-layout-9d6595d7 wp-block-columns-is-layout-flex\">\n<div class=\"wp-block-column is-layout-flow wp-block-column-is-layout-flow\" style=\"flex-basis:33.33%\"><div class=\"wp-block-image\">\n<figure class=\"aligncenter size-large\"><img loading=\"lazy\" decoding=\"async\" width=\"640\" height=\"1024\" src=\"https:\/\/monicalinaresescritora.com\/wp-content\/uploads\/2024\/05\/luchar_ebook-2-640x1024.jpg\" alt=\"\" class=\"wp-image-2404\" srcset=\"https:\/\/monicalinaresescritora.com\/wp-content\/uploads\/2024\/05\/luchar_ebook-2-640x1024.jpg 640w, https:\/\/monicalinaresescritora.com\/wp-content\/uploads\/2024\/05\/luchar_ebook-2-188x300.jpg 188w, https:\/\/monicalinaresescritora.com\/wp-content\/uploads\/2024\/05\/luchar_ebook-2-94x150.jpg 94w, https:\/\/monicalinaresescritora.com\/wp-content\/uploads\/2024\/05\/luchar_ebook-2-768x1229.jpg 768w, https:\/\/monicalinaresescritora.com\/wp-content\/uploads\/2024\/05\/luchar_ebook-2-960x1536.jpg 960w, https:\/\/monicalinaresescritora.com\/wp-content\/uploads\/2024\/05\/luchar_ebook-2-1280x2048.jpg 1280w, https:\/\/monicalinaresescritora.com\/wp-content\/uploads\/2024\/05\/luchar_ebook-2-15x24.jpg 15w, https:\/\/monicalinaresescritora.com\/wp-content\/uploads\/2024\/05\/luchar_ebook-2-23x36.jpg 23w, https:\/\/monicalinaresescritora.com\/wp-content\/uploads\/2024\/05\/luchar_ebook-2-30x48.jpg 30w, https:\/\/monicalinaresescritora.com\/wp-content\/uploads\/2024\/05\/luchar_ebook-2.jpg 1600w\" sizes=\"auto, (max-width: 640px) 100vw, 640px\" \/><\/figure>\n<\/div><\/div>\n\n\n\n<div class=\"wp-block-column is-layout-flow wp-block-column-is-layout-flow\" style=\"flex-basis:66.66%\">\n<p><\/p>\n\n\n\n<p><strong>El destino es caprichoso, siempre lo ha sido, y le gusta unir a personas que nunca debieron conocerse.<\/strong><\/p>\n\n\n\n<p><br><strong>Stella<\/strong> lleva en Barcelona cerca de dos a\u00f1os. Desempe\u00f1a un trabajo que le apasiona y disfruta de sus amigos y del cari\u00f1o de su hermana. Tiene una vida completa.<\/p>\n\n\n\n<p><br><strong>Gael<\/strong> odia el d\u00eda de su cumplea\u00f1os. Bebe para olvidar y, sin quererlo, se est\u00e1 transformando en esa persona a la que no desea parecerse. En su juventud, el boxeo se convirti\u00f3 en su refugio, en su salvaci\u00f3n, aunque en \u00e9l perdi\u00f3 m\u00e1s de lo que buscaba.<\/p>\n\n\n\n<p><br>Unas duras palabras bombean de manera constante su mente, aquellas que en su inmadurez lo llevaron a realizar un acto imperdonable que lo perseguir\u00e1 de por vida, que lo atosigan en exceso y que no consigue eliminar. <\/p>\n\n\n\n<p>\u00bfLograr\u00e1 Gael superarlo? <\/p>\n\n\n\n<p>\u00bfConseguir\u00e1 Stella ayudarlo?<\/p>\n\n\n\n<div class=\"wp-block-buttons is-layout-flex wp-block-buttons-is-layout-flex\">\n<div class=\"wp-block-button\"><a class=\"wp-block-button__link wp-element-button\" href=\"https:\/\/www.amazon.es\/Luchar-contracorriente-novela-imposibles-Hermanas-ebook\/dp\/B0CLGVWW71\/ref=sr_1_1?crid=3FW60F1FJ32QB&amp;dib=eyJ2IjoiMSJ9.GgOKI78J-phMhJk0JO8eFbS89a4iiE-yaBzLUq4XDerGJU2X9z7CPaLsUNVh2wQQMJnDV00rGIgOmN1SWDrdb2AX603p7CVfsReTQkgae5Q.Hy1Tt1WUWsxUJGoy33wc_CW2V1-NWYJ3YKVAsPcvfck&amp;dib_tag=se&amp;keywords=luchar+a+contracorriente&amp;qid=1715786579&amp;sprefix=luchar+a%2Caps%2C111&amp;sr=8-1\" target=\"_blank\" rel=\"noreferrer noopener\">Cons\u00edguelo en Amazon<\/a><\/div>\n<\/div>\n<\/div>\n<\/div>\n\n\n\n<p><\/p>\n\n\n\n<p><\/p>\n","protected":false},"excerpt":{"rendered":"<p>LUCHAR A CONTRACORRIENTE El destino es caprichoso, siempre lo ha sido, y le gusta unir [&hellip;]<\/p>\n","protected":false},"author":1,"featured_media":0,"parent":0,"menu_order":0,"comment_status":"closed","ping_status":"closed","template":"","meta":{"_monsterinsights_skip_tracking":false,"_monsterinsights_sitenote_active":false,"_monsterinsights_sitenote_note":"","_monsterinsights_sitenote_category":0,"footnotes":""},"class_list":["post-1396","page","type-page","status-publish","hentry"],"yoast_head":"<!-- This site is optimized with the Yoast SEO plugin v27.2 - https:\/\/yoast.com\/product\/yoast-seo-wordpress\/ -->\n<title>Luchar a contracorriente -<\/title>\n<meta name=\"description\" content=\"Sinopsis de mi segunda novela. Gael y Stella son los protagonistas, y viviran una historia de amor complicada.\" \/>\n<meta name=\"robots\" content=\"index, follow, max-snippet:-1, max-image-preview:large, max-video-preview:-1\" \/>\n<link rel=\"canonical\" href=\"https:\/\/monicalinaresescritora.com\/index.php\/luchar-a-contracorriente\/\" \/>\n<meta property=\"og:locale\" content=\"es_ES\" \/>\n<meta property=\"og:type\" content=\"article\" \/>\n<meta property=\"og:title\" content=\"Luchar a contracorriente -\" \/>\n<meta property=\"og:description\" content=\"Sinopsis de mi segunda novela. Gael y Stella son los protagonistas, y viviran una historia de amor complicada.\" \/>\n<meta property=\"og:url\" content=\"https:\/\/monicalinaresescritora.com\/index.php\/luchar-a-contracorriente\/\" \/>\n<meta property=\"article:modified_time\" content=\"2026-04-08T16:29:43+00:00\" \/>\n<meta property=\"og:image\" content=\"https:\/\/monicalinaresescritora.com\/wp-content\/uploads\/2024\/05\/luchar_ebook-2.jpg\" \/>\n\t<meta property=\"og:image:width\" content=\"1600\" \/>\n\t<meta property=\"og:image:height\" content=\"2560\" \/>\n\t<meta property=\"og:image:type\" content=\"image\/jpeg\" \/>\n<meta name=\"twitter:card\" content=\"summary_large_image\" \/>\n<meta name=\"twitter:label1\" content=\"Tiempo de lectura\" \/>\n\t<meta name=\"twitter:data1\" content=\"1 minuto\" \/>\n<script type=\"application\/ld+json\" class=\"yoast-schema-graph\">{\"@context\":\"https:\/\/schema.org\",\"@graph\":[{\"@type\":\"WebPage\",\"@id\":\"https:\/\/monicalinaresescritora.com\/index.php\/luchar-a-contracorriente\/\",\"url\":\"https:\/\/monicalinaresescritora.com\/index.php\/luchar-a-contracorriente\/\",\"name\":\"Luchar a contracorriente -\",\"isPartOf\":{\"@id\":\"https:\/\/monicalinaresescritora.com\/#website\"},\"primaryImageOfPage\":{\"@id\":\"https:\/\/monicalinaresescritora.com\/index.php\/luchar-a-contracorriente\/#primaryimage\"},\"image\":{\"@id\":\"https:\/\/monicalinaresescritora.com\/index.php\/luchar-a-contracorriente\/#primaryimage\"},\"thumbnailUrl\":\"https:\/\/monicalinaresescritora.com\/wp-content\/uploads\/2024\/05\/luchar_ebook-2-640x1024.jpg\",\"datePublished\":\"2022-06-20T18:16:03+00:00\",\"dateModified\":\"2026-04-08T16:29:43+00:00\",\"description\":\"Sinopsis de mi segunda novela. Gael y Stella son los protagonistas, y viviran una historia de amor complicada.\",\"breadcrumb\":{\"@id\":\"https:\/\/monicalinaresescritora.com\/index.php\/luchar-a-contracorriente\/#breadcrumb\"},\"inLanguage\":\"es\",\"potentialAction\":[{\"@type\":\"ReadAction\",\"target\":[\"https:\/\/monicalinaresescritora.com\/index.php\/luchar-a-contracorriente\/\"]}]},{\"@type\":\"ImageObject\",\"inLanguage\":\"es\",\"@id\":\"https:\/\/monicalinaresescritora.com\/index.php\/luchar-a-contracorriente\/#primaryimage\",\"url\":\"https:\/\/monicalinaresescritora.com\/wp-content\/uploads\/2024\/05\/luchar_ebook-2.jpg\",\"contentUrl\":\"https:\/\/monicalinaresescritora.com\/wp-content\/uploads\/2024\/05\/luchar_ebook-2.jpg\",\"width\":1600,\"height\":2560},{\"@type\":\"BreadcrumbList\",\"@id\":\"https:\/\/monicalinaresescritora.com\/index.php\/luchar-a-contracorriente\/#breadcrumb\",\"itemListElement\":[{\"@type\":\"ListItem\",\"position\":1,\"name\":\"Portada\",\"item\":\"https:\/\/monicalinaresescritora.com\/\"},{\"@type\":\"ListItem\",\"position\":2,\"name\":\"Luchar a contracorriente\"}]},{\"@type\":\"WebSite\",\"@id\":\"https:\/\/monicalinaresescritora.com\/#website\",\"url\":\"https:\/\/monicalinaresescritora.com\/\",\"name\":\"\",\"description\":\"\",\"publisher\":{\"@id\":\"https:\/\/monicalinaresescritora.com\/#\/schema\/person\/51592a7d272be90ff56f54100864db5d\"},\"potentialAction\":[{\"@type\":\"SearchAction\",\"target\":{\"@type\":\"EntryPoint\",\"urlTemplate\":\"https:\/\/monicalinaresescritora.com\/?s={search_term_string}\"},\"query-input\":{\"@type\":\"PropertyValueSpecification\",\"valueRequired\":true,\"valueName\":\"search_term_string\"}}],\"inLanguage\":\"es\"},{\"@type\":[\"Person\",\"Organization\"],\"@id\":\"https:\/\/monicalinaresescritora.com\/#\/schema\/person\/51592a7d272be90ff56f54100864db5d\",\"name\":\"monica.linares.escritora@gmail.com\",\"image\":{\"@type\":\"ImageObject\",\"inLanguage\":\"es\",\"@id\":\"https:\/\/monicalinaresescritora.com\/wp-content\/uploads\/2022\/06\/ctgdyfhijkghg-1.jpg\",\"url\":\"https:\/\/monicalinaresescritora.com\/wp-content\/uploads\/2022\/06\/ctgdyfhijkghg-1.jpg\",\"contentUrl\":\"https:\/\/monicalinaresescritora.com\/wp-content\/uploads\/2022\/06\/ctgdyfhijkghg-1.jpg\",\"width\":480,\"height\":421,\"caption\":\"monica.linares.escritora@gmail.com\"},\"logo\":{\"@id\":\"https:\/\/monicalinaresescritora.com\/wp-content\/uploads\/2022\/06\/ctgdyfhijkghg-1.jpg\"},\"sameAs\":[\"http:\/\/monicalinaresescritora.com\",\"https:\/\/www.instagram.com\/linares__monica\"]}]}<\/script>\n<!-- \/ Yoast SEO plugin. -->","yoast_head_json":{"title":"Luchar a contracorriente -","description":"Sinopsis de mi segunda novela. Gael y Stella son los protagonistas, y viviran una historia de amor complicada.","robots":{"index":"index","follow":"follow","max-snippet":"max-snippet:-1","max-image-preview":"max-image-preview:large","max-video-preview":"max-video-preview:-1"},"canonical":"https:\/\/monicalinaresescritora.com\/index.php\/luchar-a-contracorriente\/","og_locale":"es_ES","og_type":"article","og_title":"Luchar a contracorriente -","og_description":"Sinopsis de mi segunda novela. Gael y Stella son los protagonistas, y viviran una historia de amor complicada.","og_url":"https:\/\/monicalinaresescritora.com\/index.php\/luchar-a-contracorriente\/","article_modified_time":"2026-04-08T16:29:43+00:00","og_image":[{"width":1600,"height":2560,"url":"https:\/\/monicalinaresescritora.com\/wp-content\/uploads\/2024\/05\/luchar_ebook-2.jpg","type":"image\/jpeg"}],"twitter_card":"summary_large_image","twitter_misc":{"Tiempo de lectura":"1 minuto"},"schema":{"@context":"https:\/\/schema.org","@graph":[{"@type":"WebPage","@id":"https:\/\/monicalinaresescritora.com\/index.php\/luchar-a-contracorriente\/","url":"https:\/\/monicalinaresescritora.com\/index.php\/luchar-a-contracorriente\/","name":"Luchar a contracorriente -","isPartOf":{"@id":"https:\/\/monicalinaresescritora.com\/#website"},"primaryImageOfPage":{"@id":"https:\/\/monicalinaresescritora.com\/index.php\/luchar-a-contracorriente\/#primaryimage"},"image":{"@id":"https:\/\/monicalinaresescritora.com\/index.php\/luchar-a-contracorriente\/#primaryimage"},"thumbnailUrl":"https:\/\/monicalinaresescritora.com\/wp-content\/uploads\/2024\/05\/luchar_ebook-2-640x1024.jpg","datePublished":"2022-06-20T18:16:03+00:00","dateModified":"2026-04-08T16:29:43+00:00","description":"Sinopsis de mi segunda novela. Gael y Stella son los protagonistas, y viviran una historia de amor complicada.","breadcrumb":{"@id":"https:\/\/monicalinaresescritora.com\/index.php\/luchar-a-contracorriente\/#breadcrumb"},"inLanguage":"es","potentialAction":[{"@type":"ReadAction","target":["https:\/\/monicalinaresescritora.com\/index.php\/luchar-a-contracorriente\/"]}]},{"@type":"ImageObject","inLanguage":"es","@id":"https:\/\/monicalinaresescritora.com\/index.php\/luchar-a-contracorriente\/#primaryimage","url":"https:\/\/monicalinaresescritora.com\/wp-content\/uploads\/2024\/05\/luchar_ebook-2.jpg","contentUrl":"https:\/\/monicalinaresescritora.com\/wp-content\/uploads\/2024\/05\/luchar_ebook-2.jpg","width":1600,"height":2560},{"@type":"BreadcrumbList","@id":"https:\/\/monicalinaresescritora.com\/index.php\/luchar-a-contracorriente\/#breadcrumb","itemListElement":[{"@type":"ListItem","position":1,"name":"Portada","item":"https:\/\/monicalinaresescritora.com\/"},{"@type":"ListItem","position":2,"name":"Luchar a contracorriente"}]},{"@type":"WebSite","@id":"https:\/\/monicalinaresescritora.com\/#website","url":"https:\/\/monicalinaresescritora.com\/","name":"","description":"","publisher":{"@id":"https:\/\/monicalinaresescritora.com\/#\/schema\/person\/51592a7d272be90ff56f54100864db5d"},"potentialAction":[{"@type":"SearchAction","target":{"@type":"EntryPoint","urlTemplate":"https:\/\/monicalinaresescritora.com\/?s={search_term_string}"},"query-input":{"@type":"PropertyValueSpecification","valueRequired":true,"valueName":"search_term_string"}}],"inLanguage":"es"},{"@type":["Person","Organization"],"@id":"https:\/\/monicalinaresescritora.com\/#\/schema\/person\/51592a7d272be90ff56f54100864db5d","name":"monica.linares.escritora@gmail.com","image":{"@type":"ImageObject","inLanguage":"es","@id":"https:\/\/monicalinaresescritora.com\/wp-content\/uploads\/2022\/06\/ctgdyfhijkghg-1.jpg","url":"https:\/\/monicalinaresescritora.com\/wp-content\/uploads\/2022\/06\/ctgdyfhijkghg-1.jpg","contentUrl":"https:\/\/monicalinaresescritora.com\/wp-content\/uploads\/2022\/06\/ctgdyfhijkghg-1.jpg","width":480,"height":421,"caption":"monica.linares.escritora@gmail.com"},"logo":{"@id":"https:\/\/monicalinaresescritora.com\/wp-content\/uploads\/2022\/06\/ctgdyfhijkghg-1.jpg"},"sameAs":["http:\/\/monicalinaresescritora.com","https:\/\/www.instagram.com\/linares__monica"]}]}},"_links":{"self":[{"href":"https:\/\/monicalinaresescritora.com\/index.php\/wp-json\/wp\/v2\/pages\/1396","targetHints":{"allow":["GET"]}}],"collection":[{"href":"https:\/\/monicalinaresescritora.com\/index.php\/wp-json\/wp\/v2\/pages"}],"about":[{"href":"https:\/\/monicalinaresescritora.com\/index.php\/wp-json\/wp\/v2\/types\/page"}],"author":[{"embeddable":true,"href":"https:\/\/monicalinaresescritora.com\/index.php\/wp-json\/wp\/v2\/users\/1"}],"replies":[{"embeddable":true,"href":"https:\/\/monicalinaresescritora.com\/index.php\/wp-json\/wp\/v2\/comments?post=1396"}],"version-history":[{"count":41,"href":"https:\/\/monicalinaresescritora.com\/index.php\/wp-json\/wp\/v2\/pages\/1396\/revisions"}],"predecessor-version":[{"id":2936,"href":"https:\/\/monicalinaresescritora.com\/index.php\/wp-json\/wp\/v2\/pages\/1396\/revisions\/2936"}],"wp:attachment":[{"href":"https:\/\/monicalinaresescritora.com\/index.php\/wp-json\/wp\/v2\/media?parent=1396"}],"curies":[{"name":"wp","href":"https:\/\/api.w.org\/{rel}","templated":true}]}}