{"id":1616,"date":"2022-10-27T15:59:45","date_gmt":"2022-10-27T15:59:45","guid":{"rendered":"https:\/\/monicalinaresescritora.com\/?page_id=1616"},"modified":"2026-04-08T16:33:48","modified_gmt":"2026-04-08T16:33:48","slug":"que-vi-en-sus-ojos","status":"publish","type":"page","link":"https:\/\/monicalinaresescritora.com\/index.php\/que-vi-en-sus-ojos\/","title":{"rendered":"\u00bfQu\u00e9 vi en sus ojos?"},"content":{"rendered":"\n<h2 class=\"wp-block-heading\">\u00bfQU\u00c9 VI EN SUS OJOS ?<\/h2>\n\n\n\n<div style=\"height:48px\" aria-hidden=\"true\" class=\"wp-block-spacer\"><\/div>\n\n\n\n<div class=\"wp-block-media-text is-stacked-on-mobile is-vertically-aligned-center has-ast-global-color-5-background-color has-background\" style=\"grid-template-columns:27% auto\"><figure class=\"wp-block-media-text__media\"><img loading=\"lazy\" decoding=\"async\" width=\"683\" height=\"1024\" src=\"https:\/\/monicalinaresescritora.com\/wp-content\/uploads\/2022\/11\/WhatsApp-Image-2022-11-25-at-9.25.12-AM-1-683x1024.jpeg\" alt=\"que vi en sus ojos \" class=\"wp-image-1855 size-medium\" srcset=\"https:\/\/monicalinaresescritora.com\/wp-content\/uploads\/2022\/11\/WhatsApp-Image-2022-11-25-at-9.25.12-AM-1-683x1024.jpeg 683w, https:\/\/monicalinaresescritora.com\/wp-content\/uploads\/2022\/11\/WhatsApp-Image-2022-11-25-at-9.25.12-AM-1-200x300.jpeg 200w, https:\/\/monicalinaresescritora.com\/wp-content\/uploads\/2022\/11\/WhatsApp-Image-2022-11-25-at-9.25.12-AM-1-100x150.jpeg 100w, https:\/\/monicalinaresescritora.com\/wp-content\/uploads\/2022\/11\/WhatsApp-Image-2022-11-25-at-9.25.12-AM-1-768x1152.jpeg 768w, https:\/\/monicalinaresescritora.com\/wp-content\/uploads\/2022\/11\/WhatsApp-Image-2022-11-25-at-9.25.12-AM-1-16x24.jpeg 16w, https:\/\/monicalinaresescritora.com\/wp-content\/uploads\/2022\/11\/WhatsApp-Image-2022-11-25-at-9.25.12-AM-1-24x36.jpeg 24w, https:\/\/monicalinaresescritora.com\/wp-content\/uploads\/2022\/11\/WhatsApp-Image-2022-11-25-at-9.25.12-AM-1-32x48.jpeg 32w, https:\/\/monicalinaresescritora.com\/wp-content\/uploads\/2022\/11\/WhatsApp-Image-2022-11-25-at-9.25.12-AM-1-600x900.jpeg 600w, https:\/\/monicalinaresescritora.com\/wp-content\/uploads\/2022\/11\/WhatsApp-Image-2022-11-25-at-9.25.12-AM-1.jpeg 800w\" sizes=\"auto, (max-width: 683px) 100vw, 683px\" \/><\/figure><div class=\"wp-block-media-text__content\">\n<div class=\"wp-block-group\"><div class=\"wp-block-group__inner-container is-layout-flow wp-block-group-is-layout-flow\">\n<p>Verano de 2015.&nbsp;<\/p>\n\n\n\n<p>Un tren, Ona y su abuela, un viaje a Andaluc\u00eda\u2026<\/p>\n\n\n\n<p>Han pasado muchos a\u00f1os desde que Teodomira, a quien todos llaman Teo, dej\u00f3 su pueblo natal para acabar viviendo en Barcelona, donde se cas\u00f3 y form\u00f3 una familia, sin contar nunca a nadie su pasado ni ese secreto que la ha acompa\u00f1ado a lo largo de su vida.<\/p>\n\n\n\n<p>Ahora desea recorrer los senderos de esa historia olvidada al lado de Ona, su nieta, transport\u00e1ndola a esos pasajes que marcaron su presente.<\/p>\n\n\n\n<p>Este viaje ser\u00e1 un punto de inflexi\u00f3n en el que la cercan\u00eda y el cari\u00f1o sanar\u00e1n viejas heridas, y donde la confianza y el amor se mostrar\u00e1n como los \u00fanicos pilares en los que pueden apoyarse.<\/p>\n\n\n\n<p>\u00bfLograr\u00e1n ser felices a pesar del tiempo que ha transcurrido? \u00bfQue vi en sus ojos ?<\/p>\n\n\n\n<div class=\"wp-block-group\"><div class=\"wp-block-group__inner-container is-layout-flow wp-block-group-is-layout-flow\">\n<div class=\"wp-block-columns is-layout-flex wp-container-core-columns-is-layout-9d6595d7 wp-block-columns-is-layout-flex\">\n<div class=\"wp-block-column is-layout-flow wp-block-column-is-layout-flow\">\n<div class=\"wp-block-buttons is-layout-flex wp-block-buttons-is-layout-flex\">\n<div class=\"wp-block-button\"><a class=\"wp-block-button__link wp-element-button\" href=\"https:\/\/amzn.to\/3HJJwbE\" target=\"_blank\" rel=\"noreferrer noopener\">Cons\u00cdguelo en Amazon<\/a><\/div>\n<\/div>\n<\/div>\n\n\n\n<div class=\"wp-block-column is-layout-flow wp-block-column-is-layout-flow\">\n<div class=\"wp-block-buttons is-layout-flex wp-block-buttons-is-layout-flex\">\n<div class=\"wp-block-button\"><a class=\"wp-block-button__link wp-element-button\" href=\"https:\/\/romantic-ediciones.com\/producto\/que-vi-en-sus-ojos\/\" target=\"_blank\" rel=\"noreferrer noopener\">Cons\u00cdguelo en la Editorial<\/a><\/div>\n<\/div>\n<\/div>\n<\/div>\n<\/div><\/div>\n<\/div><\/div>\n<\/div><\/div>\n\n\n\n<div style=\"height:76px\" aria-hidden=\"true\" class=\"wp-block-spacer\"><\/div>\n","protected":false},"excerpt":{"rendered":"<p>\u00bfQU\u00c9 VI EN SUS OJOS ?<\/p>\n","protected":false},"author":1,"featured_media":0,"parent":0,"menu_order":0,"comment_status":"closed","ping_status":"closed","template":"","meta":{"_monsterinsights_skip_tracking":false,"_monsterinsights_sitenote_active":false,"_monsterinsights_sitenote_note":"","_monsterinsights_sitenote_category":0,"footnotes":""},"class_list":["post-1616","page","type-page","status-publish","hentry"],"yoast_head":"<!-- This site is optimized with the Yoast SEO plugin v27.2 - https:\/\/yoast.com\/product\/yoast-seo-wordpress\/ -->\n<title>\u00bfQu\u00e9 vi en sus ojos? -<\/title>\n<meta name=\"description\" content=\"Es la sinopsis de mi primera novela, que reedit\u00e9 en 2022 con Romantic Ediciones. Es una novela muy personal .\u00bfQu\u00e9 vi en sus ojos?\" \/>\n<meta name=\"robots\" content=\"index, follow, max-snippet:-1, max-image-preview:large, max-video-preview:-1\" \/>\n<link rel=\"canonical\" href=\"https:\/\/monicalinaresescritora.com\/index.php\/que-vi-en-sus-ojos\/\" \/>\n<meta property=\"og:locale\" content=\"es_ES\" \/>\n<meta property=\"og:type\" content=\"article\" \/>\n<meta property=\"og:title\" content=\"\u00bfQu\u00e9 vi en sus ojos? -\" \/>\n<meta property=\"og:description\" content=\"Es la sinopsis de mi primera novela, que reedit\u00e9 en 2022 con Romantic Ediciones. Es una novela muy personal .\u00bfQu\u00e9 vi en sus ojos?\" \/>\n<meta property=\"og:url\" content=\"https:\/\/monicalinaresescritora.com\/index.php\/que-vi-en-sus-ojos\/\" \/>\n<meta property=\"article:modified_time\" content=\"2026-04-08T16:33:48+00:00\" \/>\n<meta name=\"twitter:card\" content=\"summary_large_image\" \/>\n<meta name=\"twitter:label1\" content=\"Tiempo de lectura\" \/>\n\t<meta name=\"twitter:data1\" content=\"1 minuto\" \/>\n<script type=\"application\/ld+json\" class=\"yoast-schema-graph\">{\"@context\":\"https:\/\/schema.org\",\"@graph\":[{\"@type\":\"WebPage\",\"@id\":\"https:\/\/monicalinaresescritora.com\/index.php\/que-vi-en-sus-ojos\/\",\"url\":\"https:\/\/monicalinaresescritora.com\/index.php\/que-vi-en-sus-ojos\/\",\"name\":\"\u00bfQu\u00e9 vi en sus ojos? -\",\"isPartOf\":{\"@id\":\"https:\/\/monicalinaresescritora.com\/#website\"},\"datePublished\":\"2022-10-27T15:59:45+00:00\",\"dateModified\":\"2026-04-08T16:33:48+00:00\",\"description\":\"Es la sinopsis de mi primera novela, que reedit\u00e9 en 2022 con Romantic Ediciones. Es una novela muy personal .\u00bfQu\u00e9 vi en sus ojos?\",\"breadcrumb\":{\"@id\":\"https:\/\/monicalinaresescritora.com\/index.php\/que-vi-en-sus-ojos\/#breadcrumb\"},\"inLanguage\":\"es\",\"potentialAction\":[{\"@type\":\"ReadAction\",\"target\":[\"https:\/\/monicalinaresescritora.com\/index.php\/que-vi-en-sus-ojos\/\"]}]},{\"@type\":\"BreadcrumbList\",\"@id\":\"https:\/\/monicalinaresescritora.com\/index.php\/que-vi-en-sus-ojos\/#breadcrumb\",\"itemListElement\":[{\"@type\":\"ListItem\",\"position\":1,\"name\":\"Portada\",\"item\":\"https:\/\/monicalinaresescritora.com\/\"},{\"@type\":\"ListItem\",\"position\":2,\"name\":\"\u00bfQu\u00e9 vi en sus ojos?\"}]},{\"@type\":\"WebSite\",\"@id\":\"https:\/\/monicalinaresescritora.com\/#website\",\"url\":\"https:\/\/monicalinaresescritora.com\/\",\"name\":\"\",\"description\":\"\",\"publisher\":{\"@id\":\"https:\/\/monicalinaresescritora.com\/#\/schema\/person\/51592a7d272be90ff56f54100864db5d\"},\"potentialAction\":[{\"@type\":\"SearchAction\",\"target\":{\"@type\":\"EntryPoint\",\"urlTemplate\":\"https:\/\/monicalinaresescritora.com\/?s={search_term_string}\"},\"query-input\":{\"@type\":\"PropertyValueSpecification\",\"valueRequired\":true,\"valueName\":\"search_term_string\"}}],\"inLanguage\":\"es\"},{\"@type\":[\"Person\",\"Organization\"],\"@id\":\"https:\/\/monicalinaresescritora.com\/#\/schema\/person\/51592a7d272be90ff56f54100864db5d\",\"name\":\"monica.linares.escritora@gmail.com\",\"image\":{\"@type\":\"ImageObject\",\"inLanguage\":\"es\",\"@id\":\"https:\/\/monicalinaresescritora.com\/wp-content\/uploads\/2022\/06\/ctgdyfhijkghg-1.jpg\",\"url\":\"https:\/\/monicalinaresescritora.com\/wp-content\/uploads\/2022\/06\/ctgdyfhijkghg-1.jpg\",\"contentUrl\":\"https:\/\/monicalinaresescritora.com\/wp-content\/uploads\/2022\/06\/ctgdyfhijkghg-1.jpg\",\"width\":480,\"height\":421,\"caption\":\"monica.linares.escritora@gmail.com\"},\"logo\":{\"@id\":\"https:\/\/monicalinaresescritora.com\/wp-content\/uploads\/2022\/06\/ctgdyfhijkghg-1.jpg\"},\"sameAs\":[\"http:\/\/monicalinaresescritora.com\",\"https:\/\/www.instagram.com\/linares__monica\"]}]}<\/script>\n<!-- \/ Yoast SEO plugin. -->","yoast_head_json":{"title":"\u00bfQu\u00e9 vi en sus ojos? -","description":"Es la sinopsis de mi primera novela, que reedit\u00e9 en 2022 con Romantic Ediciones. Es una novela muy personal .\u00bfQu\u00e9 vi en sus ojos?","robots":{"index":"index","follow":"follow","max-snippet":"max-snippet:-1","max-image-preview":"max-image-preview:large","max-video-preview":"max-video-preview:-1"},"canonical":"https:\/\/monicalinaresescritora.com\/index.php\/que-vi-en-sus-ojos\/","og_locale":"es_ES","og_type":"article","og_title":"\u00bfQu\u00e9 vi en sus ojos? -","og_description":"Es la sinopsis de mi primera novela, que reedit\u00e9 en 2022 con Romantic Ediciones. Es una novela muy personal .\u00bfQu\u00e9 vi en sus ojos?","og_url":"https:\/\/monicalinaresescritora.com\/index.php\/que-vi-en-sus-ojos\/","article_modified_time":"2026-04-08T16:33:48+00:00","twitter_card":"summary_large_image","twitter_misc":{"Tiempo de lectura":"1 minuto"},"schema":{"@context":"https:\/\/schema.org","@graph":[{"@type":"WebPage","@id":"https:\/\/monicalinaresescritora.com\/index.php\/que-vi-en-sus-ojos\/","url":"https:\/\/monicalinaresescritora.com\/index.php\/que-vi-en-sus-ojos\/","name":"\u00bfQu\u00e9 vi en sus ojos? -","isPartOf":{"@id":"https:\/\/monicalinaresescritora.com\/#website"},"datePublished":"2022-10-27T15:59:45+00:00","dateModified":"2026-04-08T16:33:48+00:00","description":"Es la sinopsis de mi primera novela, que reedit\u00e9 en 2022 con Romantic Ediciones. Es una novela muy personal .\u00bfQu\u00e9 vi en sus ojos?","breadcrumb":{"@id":"https:\/\/monicalinaresescritora.com\/index.php\/que-vi-en-sus-ojos\/#breadcrumb"},"inLanguage":"es","potentialAction":[{"@type":"ReadAction","target":["https:\/\/monicalinaresescritora.com\/index.php\/que-vi-en-sus-ojos\/"]}]},{"@type":"BreadcrumbList","@id":"https:\/\/monicalinaresescritora.com\/index.php\/que-vi-en-sus-ojos\/#breadcrumb","itemListElement":[{"@type":"ListItem","position":1,"name":"Portada","item":"https:\/\/monicalinaresescritora.com\/"},{"@type":"ListItem","position":2,"name":"\u00bfQu\u00e9 vi en sus ojos?"}]},{"@type":"WebSite","@id":"https:\/\/monicalinaresescritora.com\/#website","url":"https:\/\/monicalinaresescritora.com\/","name":"","description":"","publisher":{"@id":"https:\/\/monicalinaresescritora.com\/#\/schema\/person\/51592a7d272be90ff56f54100864db5d"},"potentialAction":[{"@type":"SearchAction","target":{"@type":"EntryPoint","urlTemplate":"https:\/\/monicalinaresescritora.com\/?s={search_term_string}"},"query-input":{"@type":"PropertyValueSpecification","valueRequired":true,"valueName":"search_term_string"}}],"inLanguage":"es"},{"@type":["Person","Organization"],"@id":"https:\/\/monicalinaresescritora.com\/#\/schema\/person\/51592a7d272be90ff56f54100864db5d","name":"monica.linares.escritora@gmail.com","image":{"@type":"ImageObject","inLanguage":"es","@id":"https:\/\/monicalinaresescritora.com\/wp-content\/uploads\/2022\/06\/ctgdyfhijkghg-1.jpg","url":"https:\/\/monicalinaresescritora.com\/wp-content\/uploads\/2022\/06\/ctgdyfhijkghg-1.jpg","contentUrl":"https:\/\/monicalinaresescritora.com\/wp-content\/uploads\/2022\/06\/ctgdyfhijkghg-1.jpg","width":480,"height":421,"caption":"monica.linares.escritora@gmail.com"},"logo":{"@id":"https:\/\/monicalinaresescritora.com\/wp-content\/uploads\/2022\/06\/ctgdyfhijkghg-1.jpg"},"sameAs":["http:\/\/monicalinaresescritora.com","https:\/\/www.instagram.com\/linares__monica"]}]}},"_links":{"self":[{"href":"https:\/\/monicalinaresescritora.com\/index.php\/wp-json\/wp\/v2\/pages\/1616","targetHints":{"allow":["GET"]}}],"collection":[{"href":"https:\/\/monicalinaresescritora.com\/index.php\/wp-json\/wp\/v2\/pages"}],"about":[{"href":"https:\/\/monicalinaresescritora.com\/index.php\/wp-json\/wp\/v2\/types\/page"}],"author":[{"embeddable":true,"href":"https:\/\/monicalinaresescritora.com\/index.php\/wp-json\/wp\/v2\/users\/1"}],"replies":[{"embeddable":true,"href":"https:\/\/monicalinaresescritora.com\/index.php\/wp-json\/wp\/v2\/comments?post=1616"}],"version-history":[{"count":51,"href":"https:\/\/monicalinaresescritora.com\/index.php\/wp-json\/wp\/v2\/pages\/1616\/revisions"}],"predecessor-version":[{"id":2919,"href":"https:\/\/monicalinaresescritora.com\/index.php\/wp-json\/wp\/v2\/pages\/1616\/revisions\/2919"}],"wp:attachment":[{"href":"https:\/\/monicalinaresescritora.com\/index.php\/wp-json\/wp\/v2\/media?parent=1616"}],"curies":[{"name":"wp","href":"https:\/\/api.w.org\/{rel}","templated":true}]}}