{"id":1771,"date":"2022-11-20T19:00:51","date_gmt":"2022-11-20T19:00:51","guid":{"rendered":"https:\/\/monicalinaresescritora.com\/?page_id=1771"},"modified":"2026-03-27T17:21:53","modified_gmt":"2026-03-27T17:21:53","slug":"monica-linares","status":"publish","type":"page","link":"https:\/\/monicalinaresescritora.com\/index.php\/monica-linares\/","title":{"rendered":"Sobre m\u00ed"},"content":{"rendered":"\n<div style=\"height:27px\" aria-hidden=\"true\" class=\"wp-block-spacer\"><\/div>\n\n\n\n<h2 class=\"wp-block-heading\">SOBRE M\u00cd<\/h2>\n\n\n\n<div style=\"height:50px\" aria-hidden=\"true\" class=\"wp-block-spacer\"><\/div>\n\n\n\n<div class=\"wp-block-columns is-layout-flex wp-container-core-columns-is-layout-9d6595d7 wp-block-columns-is-layout-flex\">\n<div class=\"wp-block-column is-layout-flow wp-block-column-is-layout-flow\" style=\"flex-basis:33.33%\">\n<figure class=\"wp-block-gallery has-nested-images columns-default is-cropped wp-block-gallery-1 is-layout-flex wp-block-gallery-is-layout-flex\">\n<figure class=\"wp-block-image size-large\"><img loading=\"lazy\" decoding=\"async\" width=\"1024\" height=\"1024\" data-id=\"1253\" src=\"https:\/\/monicalinaresescritora.com\/wp-content\/uploads\/2022\/02\/Libro-2-1024x1024.png\" alt=\"\" class=\"wp-image-1253\" srcset=\"https:\/\/monicalinaresescritora.com\/wp-content\/uploads\/2022\/02\/Libro-2-1024x1024.png 1024w, https:\/\/monicalinaresescritora.com\/wp-content\/uploads\/2022\/02\/Libro-2-300x300.png 300w, https:\/\/monicalinaresescritora.com\/wp-content\/uploads\/2022\/02\/Libro-2-150x150.png 150w, https:\/\/monicalinaresescritora.com\/wp-content\/uploads\/2022\/02\/Libro-2-768x768.png 768w, https:\/\/monicalinaresescritora.com\/wp-content\/uploads\/2022\/02\/Libro-2-600x600.png 600w, https:\/\/monicalinaresescritora.com\/wp-content\/uploads\/2022\/02\/Libro-2-100x100.png 100w, https:\/\/monicalinaresescritora.com\/wp-content\/uploads\/2022\/02\/Libro-2.png 1080w\" sizes=\"auto, (max-width: 1024px) 100vw, 1024px\" \/><\/figure>\n<\/figure>\n<\/div>\n\n\n\n<div class=\"wp-block-column is-layout-flow wp-block-column-is-layout-flow\" style=\"flex-basis:66.66%\">\n<p class=\"has-large-font-size\"><strong>M\u00f2nica Linares<\/strong><\/p>\n\n\n\n<p>Soy M\u00f2nica Linares, nac\u00ed en Terrassa y me licenci\u00e9 en Psicolog\u00eda y Derecho. Una de mis pasiones es perderme entre libros que me trasladan a otros mundos y \u00e9pocas, y me encanta sentarme frente a una hoja en blanco para inventar historias que te hagan sentir, so\u00f1ar y viajar sin moverte del sitio.<\/p>\n\n\n\n<p>Publiqu\u00e9 mi primer libro en 2019 y desde entonces han salido a la luz diez de mis novelas, tres de ellas de la mano de Romantic Ediciones y HQ\u00d1 y el resto, autopublicadas. Todas comparten el romance contempor\u00e1neo con un toque <em>feelgood<\/em>, una pizca de comedia y, sobre todo, mi sello personal. Sigo disfrutando cada proyecto con la misma ilusi\u00f3n que el primero.<\/p>\n\n\n\n<p>Si te apetece seguir leyendo mis historias, descubrir lo que estoy escribiendo o simplemente charlar un rato sobre libros, aqu\u00ed estoy. Estar\u00e9 encantada de compartir un caf\u00e9 contigo, aunque sea virtual.<\/p>\n\n\n\n<p>Adem\u00e1s, si te gusta la novela rom\u00e1ntica, te invito a escuchar el p\u00f3dcast <em>Rom\u00e1nticas Club 2.0<\/em>, que conduzco junto a Ivette Chardis. Hablamos de amor, escritura y todo lo que nos mueve como lectoras y autoras. \u00a1Te espero al otro lado!<\/p>\n<\/div>\n<\/div>\n\n\n\n<div style=\"height:100px\" aria-hidden=\"true\" class=\"wp-block-spacer\"><\/div>\n\n\n\n<blockquote class=\"wp-block-quote is-layout-flow wp-block-quote-is-layout-flow\">\n<figure class=\"wp-block-pullquote\"><blockquote><p>Hay tres cosas\u00a0que cada persona deber\u00eda\u00a0hacer\u00a0durante su\u00a0vida:\u00a0plantar un \u00e1rbol,\u00a0escribir un libro\u00a0y\u00a0tener un hijo<\/p><cite>Jos\u00e9 Mart\u00ed<\/cite><\/blockquote><\/figure>\n<\/blockquote>\n\n\n\n<div style=\"height:100px\" aria-hidden=\"true\" class=\"wp-block-spacer\"><\/div>\n","protected":false},"excerpt":{"rendered":"<p>SOBRE M\u00cd M\u00f2nica Linares Soy M\u00f2nica Linares, nac\u00ed en Terrassa y me licenci\u00e9 en Psicolog\u00eda [&hellip;]<\/p>\n","protected":false},"author":1,"featured_media":0,"parent":0,"menu_order":0,"comment_status":"closed","ping_status":"closed","template":"","meta":{"_monsterinsights_skip_tracking":false,"_monsterinsights_sitenote_active":false,"_monsterinsights_sitenote_note":"","_monsterinsights_sitenote_category":0,"footnotes":""},"class_list":["post-1771","page","type-page","status-publish","hentry"],"yoast_head":"<!-- This site is optimized with the Yoast SEO plugin v27.2 - https:\/\/yoast.com\/product\/yoast-seo-wordpress\/ -->\n<title>Sobre m\u00ed -<\/title>\n<meta name=\"description\" content=\"P\u00e1gina sobre m\u00ed, M\u00f2nica Linares, escritora de novela rom\u00e1ntica contempor\u00e1nea y sentimental, autora de varias novelas.\" \/>\n<meta name=\"robots\" content=\"index, follow, max-snippet:-1, max-image-preview:large, max-video-preview:-1\" \/>\n<link rel=\"canonical\" href=\"https:\/\/monicalinaresescritora.com\/index.php\/monica-linares\/\" \/>\n<meta property=\"og:locale\" content=\"es_ES\" \/>\n<meta property=\"og:type\" content=\"article\" \/>\n<meta property=\"og:title\" content=\"Sobre m\u00ed -\" \/>\n<meta property=\"og:description\" content=\"P\u00e1gina sobre m\u00ed, M\u00f2nica Linares, escritora de novela rom\u00e1ntica contempor\u00e1nea y sentimental, autora de varias novelas.\" \/>\n<meta property=\"og:url\" content=\"https:\/\/monicalinaresescritora.com\/index.php\/monica-linares\/\" \/>\n<meta property=\"article:modified_time\" content=\"2026-03-27T17:21:53+00:00\" \/>\n<meta property=\"og:image\" content=\"https:\/\/monicalinaresescritora.com\/wp-content\/uploads\/2022\/02\/Libro-2.png\" \/>\n\t<meta property=\"og:image:width\" content=\"1080\" \/>\n\t<meta property=\"og:image:height\" content=\"1080\" \/>\n\t<meta property=\"og:image:type\" content=\"image\/png\" \/>\n<meta name=\"twitter:card\" content=\"summary_large_image\" \/>\n<meta name=\"twitter:label1\" content=\"Tiempo de lectura\" \/>\n\t<meta name=\"twitter:data1\" content=\"2 minutos\" \/>\n<script type=\"application\/ld+json\" class=\"yoast-schema-graph\">{\"@context\":\"https:\/\/schema.org\",\"@graph\":[{\"@type\":\"WebPage\",\"@id\":\"https:\/\/monicalinaresescritora.com\/index.php\/monica-linares\/\",\"url\":\"https:\/\/monicalinaresescritora.com\/index.php\/monica-linares\/\",\"name\":\"Sobre m\u00ed -\",\"isPartOf\":{\"@id\":\"https:\/\/monicalinaresescritora.com\/#website\"},\"primaryImageOfPage\":{\"@id\":\"https:\/\/monicalinaresescritora.com\/index.php\/monica-linares\/#primaryimage\"},\"image\":{\"@id\":\"https:\/\/monicalinaresescritora.com\/index.php\/monica-linares\/#primaryimage\"},\"thumbnailUrl\":\"https:\/\/monicalinaresescritora.com\/wp-content\/uploads\/2022\/02\/Libro-2-1024x1024.png\",\"datePublished\":\"2022-11-20T19:00:51+00:00\",\"dateModified\":\"2026-03-27T17:21:53+00:00\",\"description\":\"P\u00e1gina sobre m\u00ed, M\u00f2nica Linares, escritora de novela rom\u00e1ntica contempor\u00e1nea y sentimental, autora de varias novelas.\",\"breadcrumb\":{\"@id\":\"https:\/\/monicalinaresescritora.com\/index.php\/monica-linares\/#breadcrumb\"},\"inLanguage\":\"es\",\"potentialAction\":[{\"@type\":\"ReadAction\",\"target\":[\"https:\/\/monicalinaresescritora.com\/index.php\/monica-linares\/\"]}]},{\"@type\":\"ImageObject\",\"inLanguage\":\"es\",\"@id\":\"https:\/\/monicalinaresescritora.com\/index.php\/monica-linares\/#primaryimage\",\"url\":\"https:\/\/monicalinaresescritora.com\/wp-content\/uploads\/2022\/02\/Libro-2.png\",\"contentUrl\":\"https:\/\/monicalinaresescritora.com\/wp-content\/uploads\/2022\/02\/Libro-2.png\",\"width\":1080,\"height\":1080},{\"@type\":\"BreadcrumbList\",\"@id\":\"https:\/\/monicalinaresescritora.com\/index.php\/monica-linares\/#breadcrumb\",\"itemListElement\":[{\"@type\":\"ListItem\",\"position\":1,\"name\":\"Portada\",\"item\":\"https:\/\/monicalinaresescritora.com\/\"},{\"@type\":\"ListItem\",\"position\":2,\"name\":\"Sobre m\u00ed\"}]},{\"@type\":\"WebSite\",\"@id\":\"https:\/\/monicalinaresescritora.com\/#website\",\"url\":\"https:\/\/monicalinaresescritora.com\/\",\"name\":\"\",\"description\":\"\",\"publisher\":{\"@id\":\"https:\/\/monicalinaresescritora.com\/#\/schema\/person\/51592a7d272be90ff56f54100864db5d\"},\"potentialAction\":[{\"@type\":\"SearchAction\",\"target\":{\"@type\":\"EntryPoint\",\"urlTemplate\":\"https:\/\/monicalinaresescritora.com\/?s={search_term_string}\"},\"query-input\":{\"@type\":\"PropertyValueSpecification\",\"valueRequired\":true,\"valueName\":\"search_term_string\"}}],\"inLanguage\":\"es\"},{\"@type\":[\"Person\",\"Organization\"],\"@id\":\"https:\/\/monicalinaresescritora.com\/#\/schema\/person\/51592a7d272be90ff56f54100864db5d\",\"name\":\"monica.linares.escritora@gmail.com\",\"image\":{\"@type\":\"ImageObject\",\"inLanguage\":\"es\",\"@id\":\"https:\/\/monicalinaresescritora.com\/wp-content\/uploads\/2022\/06\/ctgdyfhijkghg-1.jpg\",\"url\":\"https:\/\/monicalinaresescritora.com\/wp-content\/uploads\/2022\/06\/ctgdyfhijkghg-1.jpg\",\"contentUrl\":\"https:\/\/monicalinaresescritora.com\/wp-content\/uploads\/2022\/06\/ctgdyfhijkghg-1.jpg\",\"width\":480,\"height\":421,\"caption\":\"monica.linares.escritora@gmail.com\"},\"logo\":{\"@id\":\"https:\/\/monicalinaresescritora.com\/wp-content\/uploads\/2022\/06\/ctgdyfhijkghg-1.jpg\"},\"sameAs\":[\"http:\/\/monicalinaresescritora.com\",\"https:\/\/www.instagram.com\/linares__monica\"]}]}<\/script>\n<!-- \/ Yoast SEO plugin. -->","yoast_head_json":{"title":"Sobre m\u00ed -","description":"P\u00e1gina sobre m\u00ed, M\u00f2nica Linares, escritora de novela rom\u00e1ntica contempor\u00e1nea y sentimental, autora de varias novelas.","robots":{"index":"index","follow":"follow","max-snippet":"max-snippet:-1","max-image-preview":"max-image-preview:large","max-video-preview":"max-video-preview:-1"},"canonical":"https:\/\/monicalinaresescritora.com\/index.php\/monica-linares\/","og_locale":"es_ES","og_type":"article","og_title":"Sobre m\u00ed -","og_description":"P\u00e1gina sobre m\u00ed, M\u00f2nica Linares, escritora de novela rom\u00e1ntica contempor\u00e1nea y sentimental, autora de varias novelas.","og_url":"https:\/\/monicalinaresescritora.com\/index.php\/monica-linares\/","article_modified_time":"2026-03-27T17:21:53+00:00","og_image":[{"width":1080,"height":1080,"url":"https:\/\/monicalinaresescritora.com\/wp-content\/uploads\/2022\/02\/Libro-2.png","type":"image\/png"}],"twitter_card":"summary_large_image","twitter_misc":{"Tiempo de lectura":"2 minutos"},"schema":{"@context":"https:\/\/schema.org","@graph":[{"@type":"WebPage","@id":"https:\/\/monicalinaresescritora.com\/index.php\/monica-linares\/","url":"https:\/\/monicalinaresescritora.com\/index.php\/monica-linares\/","name":"Sobre m\u00ed -","isPartOf":{"@id":"https:\/\/monicalinaresescritora.com\/#website"},"primaryImageOfPage":{"@id":"https:\/\/monicalinaresescritora.com\/index.php\/monica-linares\/#primaryimage"},"image":{"@id":"https:\/\/monicalinaresescritora.com\/index.php\/monica-linares\/#primaryimage"},"thumbnailUrl":"https:\/\/monicalinaresescritora.com\/wp-content\/uploads\/2022\/02\/Libro-2-1024x1024.png","datePublished":"2022-11-20T19:00:51+00:00","dateModified":"2026-03-27T17:21:53+00:00","description":"P\u00e1gina sobre m\u00ed, M\u00f2nica Linares, escritora de novela rom\u00e1ntica contempor\u00e1nea y sentimental, autora de varias novelas.","breadcrumb":{"@id":"https:\/\/monicalinaresescritora.com\/index.php\/monica-linares\/#breadcrumb"},"inLanguage":"es","potentialAction":[{"@type":"ReadAction","target":["https:\/\/monicalinaresescritora.com\/index.php\/monica-linares\/"]}]},{"@type":"ImageObject","inLanguage":"es","@id":"https:\/\/monicalinaresescritora.com\/index.php\/monica-linares\/#primaryimage","url":"https:\/\/monicalinaresescritora.com\/wp-content\/uploads\/2022\/02\/Libro-2.png","contentUrl":"https:\/\/monicalinaresescritora.com\/wp-content\/uploads\/2022\/02\/Libro-2.png","width":1080,"height":1080},{"@type":"BreadcrumbList","@id":"https:\/\/monicalinaresescritora.com\/index.php\/monica-linares\/#breadcrumb","itemListElement":[{"@type":"ListItem","position":1,"name":"Portada","item":"https:\/\/monicalinaresescritora.com\/"},{"@type":"ListItem","position":2,"name":"Sobre m\u00ed"}]},{"@type":"WebSite","@id":"https:\/\/monicalinaresescritora.com\/#website","url":"https:\/\/monicalinaresescritora.com\/","name":"","description":"","publisher":{"@id":"https:\/\/monicalinaresescritora.com\/#\/schema\/person\/51592a7d272be90ff56f54100864db5d"},"potentialAction":[{"@type":"SearchAction","target":{"@type":"EntryPoint","urlTemplate":"https:\/\/monicalinaresescritora.com\/?s={search_term_string}"},"query-input":{"@type":"PropertyValueSpecification","valueRequired":true,"valueName":"search_term_string"}}],"inLanguage":"es"},{"@type":["Person","Organization"],"@id":"https:\/\/monicalinaresescritora.com\/#\/schema\/person\/51592a7d272be90ff56f54100864db5d","name":"monica.linares.escritora@gmail.com","image":{"@type":"ImageObject","inLanguage":"es","@id":"https:\/\/monicalinaresescritora.com\/wp-content\/uploads\/2022\/06\/ctgdyfhijkghg-1.jpg","url":"https:\/\/monicalinaresescritora.com\/wp-content\/uploads\/2022\/06\/ctgdyfhijkghg-1.jpg","contentUrl":"https:\/\/monicalinaresescritora.com\/wp-content\/uploads\/2022\/06\/ctgdyfhijkghg-1.jpg","width":480,"height":421,"caption":"monica.linares.escritora@gmail.com"},"logo":{"@id":"https:\/\/monicalinaresescritora.com\/wp-content\/uploads\/2022\/06\/ctgdyfhijkghg-1.jpg"},"sameAs":["http:\/\/monicalinaresescritora.com","https:\/\/www.instagram.com\/linares__monica"]}]}},"_links":{"self":[{"href":"https:\/\/monicalinaresescritora.com\/index.php\/wp-json\/wp\/v2\/pages\/1771","targetHints":{"allow":["GET"]}}],"collection":[{"href":"https:\/\/monicalinaresescritora.com\/index.php\/wp-json\/wp\/v2\/pages"}],"about":[{"href":"https:\/\/monicalinaresescritora.com\/index.php\/wp-json\/wp\/v2\/types\/page"}],"author":[{"embeddable":true,"href":"https:\/\/monicalinaresescritora.com\/index.php\/wp-json\/wp\/v2\/users\/1"}],"replies":[{"embeddable":true,"href":"https:\/\/monicalinaresescritora.com\/index.php\/wp-json\/wp\/v2\/comments?post=1771"}],"version-history":[{"count":33,"href":"https:\/\/monicalinaresescritora.com\/index.php\/wp-json\/wp\/v2\/pages\/1771\/revisions"}],"predecessor-version":[{"id":2851,"href":"https:\/\/monicalinaresescritora.com\/index.php\/wp-json\/wp\/v2\/pages\/1771\/revisions\/2851"}],"wp:attachment":[{"href":"https:\/\/monicalinaresescritora.com\/index.php\/wp-json\/wp\/v2\/media?parent=1771"}],"curies":[{"name":"wp","href":"https:\/\/api.w.org\/{rel}","templated":true}]}}