{"id":2617,"date":"2024-05-20T09:22:52","date_gmt":"2024-05-20T09:22:52","guid":{"rendered":"https:\/\/monicalinaresescritora.com\/?page_id=2617"},"modified":"2026-04-08T16:22:53","modified_gmt":"2026-04-08T16:22:53","slug":"una-familia-en-obras-2","status":"publish","type":"page","link":"https:\/\/monicalinaresescritora.com\/index.php\/una-familia-en-obras-2\/","title":{"rendered":"Una familia en obras"},"content":{"rendered":"\n<h2 class=\"wp-block-heading\">UNA FAMILIA EN OBRAS <\/h2>\n\n\n\n<div style=\"height:45px\" aria-hidden=\"true\" class=\"wp-block-spacer\"><\/div>\n\n\n\n<div class=\"wp-block-columns is-layout-flex wp-container-core-columns-is-layout-9d6595d7 wp-block-columns-is-layout-flex\">\n<div class=\"wp-block-column is-layout-flow wp-block-column-is-layout-flow\" style=\"flex-basis:33.33%\">\n<figure class=\"wp-block-image size-full is-resized\"><img loading=\"lazy\" decoding=\"async\" width=\"444\" height=\"672\" src=\"https:\/\/monicalinaresescritora.com\/wp-content\/uploads\/2024\/05\/Captura-de-pantalla-2024-05-20-a-las-11.12.35.png\" alt=\"\" class=\"wp-image-2618\" style=\"width:259px;height:auto\" srcset=\"https:\/\/monicalinaresescritora.com\/wp-content\/uploads\/2024\/05\/Captura-de-pantalla-2024-05-20-a-las-11.12.35.png 444w, https:\/\/monicalinaresescritora.com\/wp-content\/uploads\/2024\/05\/Captura-de-pantalla-2024-05-20-a-las-11.12.35-198x300.png 198w, https:\/\/monicalinaresescritora.com\/wp-content\/uploads\/2024\/05\/Captura-de-pantalla-2024-05-20-a-las-11.12.35-99x150.png 99w, https:\/\/monicalinaresescritora.com\/wp-content\/uploads\/2024\/05\/Captura-de-pantalla-2024-05-20-a-las-11.12.35-16x24.png 16w, https:\/\/monicalinaresescritora.com\/wp-content\/uploads\/2024\/05\/Captura-de-pantalla-2024-05-20-a-las-11.12.35-24x36.png 24w, https:\/\/monicalinaresescritora.com\/wp-content\/uploads\/2024\/05\/Captura-de-pantalla-2024-05-20-a-las-11.12.35-32x48.png 32w\" sizes=\"auto, (max-width: 444px) 100vw, 444px\" \/><\/figure>\n<\/div>\n\n\n\n<div class=\"wp-block-column is-layout-flow wp-block-column-is-layout-flow\" style=\"flex-basis:66.66%\">\n<p>\u00bfPueden unas obras reconstruir a una familia?<br>Irene lo tiene claro. Por eso propone a sus hermanos reformar la antigua mas\u00eda de sus abuelos. Lo que no sabe es que, durante el proceso, conocer\u00e1 a Miguel, un arquitecto que la ayudar\u00e1 a algo m\u00e1s que elaborar unos planos.<br>A Bruno le gusta la idea, solo espera que el presupuesto sea aceptable. Y es que Bruno batalla por un futuro mejor en un presente en el que se ha topado con Lena, una chica a la que le saca diez a\u00f1os y que sabe bien lo que quiere: a \u00e9l.<br>Cristina se ofrece a regresar a Camprod\u00f3n para supervisar la reforma. En s\u00ed, eso no es un problema. Lo que la inquieta es Xavi. Xavi y sus recuerdos. Xavi y un beso. Xavi y una llamada que no se produjo.<br>Mart\u00edn no sabe c\u00f3mo escapar del l\u00edo en el que se ha metido. Una peque\u00f1a mentira, una cita para desvelarla, una madre curiosa y\u2026 Malena, la chica con la que a\u00fan no se ha atrevido a hablar, pero que ya forma parte de la historia.<br>Una familia. Cuatro hermanos. Y una reforma que los unir\u00e1 para siempre.<\/p>\n\n\n\n<div class=\"wp-block-buttons is-layout-flex wp-block-buttons-is-layout-flex\">\n<div class=\"wp-block-button\"><a class=\"wp-block-button__link wp-element-button\" href=\"https:\/\/www.amazon.es\/familia-obras-Leonor-Basallote-G%C3%B3mez-ebook\/dp\/B09MTBNTF8\/ref=sr_1_1?__mk_es_ES=%C3%85M%C3%85%C5%BD%C3%95%C3%91&amp;crid=3KV1CASRMNPXK&amp;dib=eyJ2IjoiMSJ9.19AUyg5qyrFa9Aa9j8ECtrF5eOfCs9Hlbmnv8-8L64kxue5TgdV7w3MdcVmGKFkzYY8_nXafHIPYtrr-q0PiGFOFQfCcAVYAo1dh1sQKvLn9lIF2BcWzhM4MArECRwcC2L4QEgdIDOPA_5KSBLu_YlDN5_uS4gKuKkcdjjeOHnXXIq6oqmWXAuNOwBd2rlzQNELtBIi6jcL4TwH1-4nBcc-N2t5FBUVF9927f-ZyBg8yREnrCmAD7Pto8viWRKOHkeN76VvfltJzL_Ki1sCMaJqSW-GUunCpz2IUf_3L8w0.qpFFnyfFpS3QQULl3y9YffP0uWLjeDs2VoNnxtqpyrA&amp;dib_tag=se&amp;keywords=una+familia+en+obras&amp;qid=1716196573&amp;sprefix=una+familia+en+obras%2Caps%2C106&amp;sr=8-1\">consiguelo aqui <\/a><\/div>\n<\/div>\n<\/div>\n<\/div>\n\n\n\n<div style=\"height:61px\" aria-hidden=\"true\" class=\"wp-block-spacer\"><\/div>\n","protected":false},"excerpt":{"rendered":"<p>UNA FAMILIA EN OBRAS \u00bfPueden unas obras reconstruir a una familia?Irene lo tiene claro. Por [&hellip;]<\/p>\n","protected":false},"author":1,"featured_media":0,"parent":0,"menu_order":0,"comment_status":"closed","ping_status":"closed","template":"","meta":{"_monsterinsights_skip_tracking":false,"_monsterinsights_sitenote_active":false,"_monsterinsights_sitenote_note":"","_monsterinsights_sitenote_category":0,"footnotes":""},"class_list":["post-2617","page","type-page","status-publish","hentry"],"yoast_head":"<!-- This site is optimized with the Yoast SEO plugin v27.2 - https:\/\/yoast.com\/product\/yoast-seo-wordpress\/ -->\n<title>Una familia en obras -<\/title>\n<meta name=\"robots\" content=\"index, follow, max-snippet:-1, max-image-preview:large, max-video-preview:-1\" \/>\n<link rel=\"canonical\" href=\"https:\/\/monicalinaresescritora.com\/index.php\/una-familia-en-obras-2\/\" \/>\n<meta property=\"og:locale\" content=\"es_ES\" \/>\n<meta property=\"og:type\" content=\"article\" \/>\n<meta property=\"og:title\" content=\"Una familia en obras -\" \/>\n<meta property=\"og:description\" content=\"UNA FAMILIA EN OBRAS \u00bfPueden unas obras reconstruir a una familia?Irene lo tiene claro. Por [&hellip;]\" \/>\n<meta property=\"og:url\" content=\"https:\/\/monicalinaresescritora.com\/index.php\/una-familia-en-obras-2\/\" \/>\n<meta property=\"article:modified_time\" content=\"2026-04-08T16:22:53+00:00\" \/>\n<meta property=\"og:image\" content=\"https:\/\/monicalinaresescritora.com\/wp-content\/uploads\/2024\/05\/Captura-de-pantalla-2024-05-20-a-las-11.12.35.png\" \/>\n\t<meta property=\"og:image:width\" content=\"444\" \/>\n\t<meta property=\"og:image:height\" content=\"672\" \/>\n\t<meta property=\"og:image:type\" content=\"image\/png\" \/>\n<meta name=\"twitter:card\" content=\"summary_large_image\" \/>\n<meta name=\"twitter:label1\" content=\"Tiempo de lectura\" \/>\n\t<meta name=\"twitter:data1\" content=\"2 minutos\" \/>\n<script type=\"application\/ld+json\" class=\"yoast-schema-graph\">{\"@context\":\"https:\/\/schema.org\",\"@graph\":[{\"@type\":\"WebPage\",\"@id\":\"https:\/\/monicalinaresescritora.com\/index.php\/una-familia-en-obras-2\/\",\"url\":\"https:\/\/monicalinaresescritora.com\/index.php\/una-familia-en-obras-2\/\",\"name\":\"Una familia en obras -\",\"isPartOf\":{\"@id\":\"https:\/\/monicalinaresescritora.com\/#website\"},\"primaryImageOfPage\":{\"@id\":\"https:\/\/monicalinaresescritora.com\/index.php\/una-familia-en-obras-2\/#primaryimage\"},\"image\":{\"@id\":\"https:\/\/monicalinaresescritora.com\/index.php\/una-familia-en-obras-2\/#primaryimage\"},\"thumbnailUrl\":\"https:\/\/monicalinaresescritora.com\/wp-content\/uploads\/2024\/05\/Captura-de-pantalla-2024-05-20-a-las-11.12.35.png\",\"datePublished\":\"2024-05-20T09:22:52+00:00\",\"dateModified\":\"2026-04-08T16:22:53+00:00\",\"breadcrumb\":{\"@id\":\"https:\/\/monicalinaresescritora.com\/index.php\/una-familia-en-obras-2\/#breadcrumb\"},\"inLanguage\":\"es\",\"potentialAction\":[{\"@type\":\"ReadAction\",\"target\":[\"https:\/\/monicalinaresescritora.com\/index.php\/una-familia-en-obras-2\/\"]}]},{\"@type\":\"ImageObject\",\"inLanguage\":\"es\",\"@id\":\"https:\/\/monicalinaresescritora.com\/index.php\/una-familia-en-obras-2\/#primaryimage\",\"url\":\"https:\/\/monicalinaresescritora.com\/wp-content\/uploads\/2024\/05\/Captura-de-pantalla-2024-05-20-a-las-11.12.35.png\",\"contentUrl\":\"https:\/\/monicalinaresescritora.com\/wp-content\/uploads\/2024\/05\/Captura-de-pantalla-2024-05-20-a-las-11.12.35.png\",\"width\":444,\"height\":672},{\"@type\":\"BreadcrumbList\",\"@id\":\"https:\/\/monicalinaresescritora.com\/index.php\/una-familia-en-obras-2\/#breadcrumb\",\"itemListElement\":[{\"@type\":\"ListItem\",\"position\":1,\"name\":\"Portada\",\"item\":\"https:\/\/monicalinaresescritora.com\/\"},{\"@type\":\"ListItem\",\"position\":2,\"name\":\"Una familia en obras\"}]},{\"@type\":\"WebSite\",\"@id\":\"https:\/\/monicalinaresescritora.com\/#website\",\"url\":\"https:\/\/monicalinaresescritora.com\/\",\"name\":\"\",\"description\":\"\",\"publisher\":{\"@id\":\"https:\/\/monicalinaresescritora.com\/#\/schema\/person\/51592a7d272be90ff56f54100864db5d\"},\"potentialAction\":[{\"@type\":\"SearchAction\",\"target\":{\"@type\":\"EntryPoint\",\"urlTemplate\":\"https:\/\/monicalinaresescritora.com\/?s={search_term_string}\"},\"query-input\":{\"@type\":\"PropertyValueSpecification\",\"valueRequired\":true,\"valueName\":\"search_term_string\"}}],\"inLanguage\":\"es\"},{\"@type\":[\"Person\",\"Organization\"],\"@id\":\"https:\/\/monicalinaresescritora.com\/#\/schema\/person\/51592a7d272be90ff56f54100864db5d\",\"name\":\"monica.linares.escritora@gmail.com\",\"image\":{\"@type\":\"ImageObject\",\"inLanguage\":\"es\",\"@id\":\"https:\/\/monicalinaresescritora.com\/wp-content\/uploads\/2022\/06\/ctgdyfhijkghg-1.jpg\",\"url\":\"https:\/\/monicalinaresescritora.com\/wp-content\/uploads\/2022\/06\/ctgdyfhijkghg-1.jpg\",\"contentUrl\":\"https:\/\/monicalinaresescritora.com\/wp-content\/uploads\/2022\/06\/ctgdyfhijkghg-1.jpg\",\"width\":480,\"height\":421,\"caption\":\"monica.linares.escritora@gmail.com\"},\"logo\":{\"@id\":\"https:\/\/monicalinaresescritora.com\/wp-content\/uploads\/2022\/06\/ctgdyfhijkghg-1.jpg\"},\"sameAs\":[\"http:\/\/monicalinaresescritora.com\",\"https:\/\/www.instagram.com\/linares__monica\"]}]}<\/script>\n<!-- \/ Yoast SEO plugin. -->","yoast_head_json":{"title":"Una familia en obras -","robots":{"index":"index","follow":"follow","max-snippet":"max-snippet:-1","max-image-preview":"max-image-preview:large","max-video-preview":"max-video-preview:-1"},"canonical":"https:\/\/monicalinaresescritora.com\/index.php\/una-familia-en-obras-2\/","og_locale":"es_ES","og_type":"article","og_title":"Una familia en obras -","og_description":"UNA FAMILIA EN OBRAS \u00bfPueden unas obras reconstruir a una familia?Irene lo tiene claro. Por [&hellip;]","og_url":"https:\/\/monicalinaresescritora.com\/index.php\/una-familia-en-obras-2\/","article_modified_time":"2026-04-08T16:22:53+00:00","og_image":[{"width":444,"height":672,"url":"https:\/\/monicalinaresescritora.com\/wp-content\/uploads\/2024\/05\/Captura-de-pantalla-2024-05-20-a-las-11.12.35.png","type":"image\/png"}],"twitter_card":"summary_large_image","twitter_misc":{"Tiempo de lectura":"2 minutos"},"schema":{"@context":"https:\/\/schema.org","@graph":[{"@type":"WebPage","@id":"https:\/\/monicalinaresescritora.com\/index.php\/una-familia-en-obras-2\/","url":"https:\/\/monicalinaresescritora.com\/index.php\/una-familia-en-obras-2\/","name":"Una familia en obras -","isPartOf":{"@id":"https:\/\/monicalinaresescritora.com\/#website"},"primaryImageOfPage":{"@id":"https:\/\/monicalinaresescritora.com\/index.php\/una-familia-en-obras-2\/#primaryimage"},"image":{"@id":"https:\/\/monicalinaresescritora.com\/index.php\/una-familia-en-obras-2\/#primaryimage"},"thumbnailUrl":"https:\/\/monicalinaresescritora.com\/wp-content\/uploads\/2024\/05\/Captura-de-pantalla-2024-05-20-a-las-11.12.35.png","datePublished":"2024-05-20T09:22:52+00:00","dateModified":"2026-04-08T16:22:53+00:00","breadcrumb":{"@id":"https:\/\/monicalinaresescritora.com\/index.php\/una-familia-en-obras-2\/#breadcrumb"},"inLanguage":"es","potentialAction":[{"@type":"ReadAction","target":["https:\/\/monicalinaresescritora.com\/index.php\/una-familia-en-obras-2\/"]}]},{"@type":"ImageObject","inLanguage":"es","@id":"https:\/\/monicalinaresescritora.com\/index.php\/una-familia-en-obras-2\/#primaryimage","url":"https:\/\/monicalinaresescritora.com\/wp-content\/uploads\/2024\/05\/Captura-de-pantalla-2024-05-20-a-las-11.12.35.png","contentUrl":"https:\/\/monicalinaresescritora.com\/wp-content\/uploads\/2024\/05\/Captura-de-pantalla-2024-05-20-a-las-11.12.35.png","width":444,"height":672},{"@type":"BreadcrumbList","@id":"https:\/\/monicalinaresescritora.com\/index.php\/una-familia-en-obras-2\/#breadcrumb","itemListElement":[{"@type":"ListItem","position":1,"name":"Portada","item":"https:\/\/monicalinaresescritora.com\/"},{"@type":"ListItem","position":2,"name":"Una familia en obras"}]},{"@type":"WebSite","@id":"https:\/\/monicalinaresescritora.com\/#website","url":"https:\/\/monicalinaresescritora.com\/","name":"","description":"","publisher":{"@id":"https:\/\/monicalinaresescritora.com\/#\/schema\/person\/51592a7d272be90ff56f54100864db5d"},"potentialAction":[{"@type":"SearchAction","target":{"@type":"EntryPoint","urlTemplate":"https:\/\/monicalinaresescritora.com\/?s={search_term_string}"},"query-input":{"@type":"PropertyValueSpecification","valueRequired":true,"valueName":"search_term_string"}}],"inLanguage":"es"},{"@type":["Person","Organization"],"@id":"https:\/\/monicalinaresescritora.com\/#\/schema\/person\/51592a7d272be90ff56f54100864db5d","name":"monica.linares.escritora@gmail.com","image":{"@type":"ImageObject","inLanguage":"es","@id":"https:\/\/monicalinaresescritora.com\/wp-content\/uploads\/2022\/06\/ctgdyfhijkghg-1.jpg","url":"https:\/\/monicalinaresescritora.com\/wp-content\/uploads\/2022\/06\/ctgdyfhijkghg-1.jpg","contentUrl":"https:\/\/monicalinaresescritora.com\/wp-content\/uploads\/2022\/06\/ctgdyfhijkghg-1.jpg","width":480,"height":421,"caption":"monica.linares.escritora@gmail.com"},"logo":{"@id":"https:\/\/monicalinaresescritora.com\/wp-content\/uploads\/2022\/06\/ctgdyfhijkghg-1.jpg"},"sameAs":["http:\/\/monicalinaresescritora.com","https:\/\/www.instagram.com\/linares__monica"]}]}},"_links":{"self":[{"href":"https:\/\/monicalinaresescritora.com\/index.php\/wp-json\/wp\/v2\/pages\/2617","targetHints":{"allow":["GET"]}}],"collection":[{"href":"https:\/\/monicalinaresescritora.com\/index.php\/wp-json\/wp\/v2\/pages"}],"about":[{"href":"https:\/\/monicalinaresescritora.com\/index.php\/wp-json\/wp\/v2\/types\/page"}],"author":[{"embeddable":true,"href":"https:\/\/monicalinaresescritora.com\/index.php\/wp-json\/wp\/v2\/users\/1"}],"replies":[{"embeddable":true,"href":"https:\/\/monicalinaresescritora.com\/index.php\/wp-json\/wp\/v2\/comments?post=2617"}],"version-history":[{"count":8,"href":"https:\/\/monicalinaresescritora.com\/index.php\/wp-json\/wp\/v2\/pages\/2617\/revisions"}],"predecessor-version":[{"id":2921,"href":"https:\/\/monicalinaresescritora.com\/index.php\/wp-json\/wp\/v2\/pages\/2617\/revisions\/2921"}],"wp:attachment":[{"href":"https:\/\/monicalinaresescritora.com\/index.php\/wp-json\/wp\/v2\/media?parent=2617"}],"curies":[{"name":"wp","href":"https:\/\/api.w.org\/{rel}","templated":true}]}}