{"id":2897,"date":"2026-04-08T16:07:18","date_gmt":"2026-04-08T16:07:18","guid":{"rendered":"https:\/\/monicalinaresescritora.com\/?page_id=2897"},"modified":"2026-04-08T16:36:10","modified_gmt":"2026-04-08T16:36:10","slug":"axel-y-un-intercambio-en-navidad","status":"publish","type":"page","link":"https:\/\/monicalinaresescritora.com\/index.php\/axel-y-un-intercambio-en-navidad\/","title":{"rendered":"Axel y un intercambio en Navidad"},"content":{"rendered":"\n<h2 class=\"wp-block-heading\">AXEL Y UN INTERCAMBIO EN NEVIDAD<\/h2>\n\n\n\n<div class=\"wp-block-columns is-layout-flex wp-container-core-columns-is-layout-9d6595d7 wp-block-columns-is-layout-flex\">\n<div class=\"wp-block-column is-layout-flow wp-block-column-is-layout-flow\" style=\"flex-basis:33.33%\">\n<figure class=\"wp-block-gallery has-nested-images columns-default is-cropped wp-block-gallery-1 is-layout-flex wp-block-gallery-is-layout-flex\">\n<figure class=\"wp-block-image size-large\"><img loading=\"lazy\" decoding=\"async\" width=\"642\" height=\"1024\" data-id=\"2894\" src=\"https:\/\/monicalinaresescritora.com\/wp-content\/uploads\/2026\/04\/Portada-Navidad_Axel-642x1024.jpg\" alt=\"Axel y un intercambio en Navidad\" class=\"wp-image-2894\" srcset=\"https:\/\/monicalinaresescritora.com\/wp-content\/uploads\/2026\/04\/Portada-Navidad_Axel-642x1024.jpg 642w, https:\/\/monicalinaresescritora.com\/wp-content\/uploads\/2026\/04\/Portada-Navidad_Axel-188x300.jpg 188w, https:\/\/monicalinaresescritora.com\/wp-content\/uploads\/2026\/04\/Portada-Navidad_Axel-94x150.jpg 94w, https:\/\/monicalinaresescritora.com\/wp-content\/uploads\/2026\/04\/Portada-Navidad_Axel-768x1226.jpg 768w, https:\/\/monicalinaresescritora.com\/wp-content\/uploads\/2026\/04\/Portada-Navidad_Axel-963x1536.jpg 963w, https:\/\/monicalinaresescritora.com\/wp-content\/uploads\/2026\/04\/Portada-Navidad_Axel-1283x2048.jpg 1283w, https:\/\/monicalinaresescritora.com\/wp-content\/uploads\/2026\/04\/Portada-Navidad_Axel.jpg 1410w\" sizes=\"auto, (max-width: 642px) 100vw, 642px\" \/><\/figure>\n<\/figure>\n<\/div>\n\n\n\n<div class=\"wp-block-column is-layout-flow wp-block-column-is-layout-flow\" style=\"flex-basis:66.66%\">\n<p><strong>Axel Matheson<\/strong> necesita escapar. De los recuerdos, del dolor y de todo lo que lo ata a un pasado que ya no puede cambiar. Por eso, decide intercambiar su casa durante las fiestas y desaparecer por un tiempo, sin sospechar que el destino tiene otros planes.<\/p>\n\n\n\n<p><strong>Tuppence O\u2019Toole<\/strong> ve en una casita en Pasadena la oportunidad perfecta para reconectar con su creatividad y, sobre todo, consigo misma. Pero, cuando llega, descubre que el intercambio se ha complicado m\u00e1s de lo esperado.<\/p>\n\n\n\n<p>Una tormenta de nieve, un tropiezo accidentado y un perro adorable llamado Dex los obligar\u00e1n a compartir techo (y paciencia) durante m\u00e1s d\u00edas de los previstos. Un tiempo en el que Axel y Tuppence descubrir\u00e1n que, a veces, el mejor intercambio no es de casas\u2026, sino de destinos.<\/p>\n\n\n\n<p><strong>Una historia feel good navide\u00f1a sobre volver a creer y dejarse sorprender por la magia del amor cuando menos se espera<\/strong><\/p>\n\n\n\n<p><strong>.<\/strong><\/p>\n\n\n\n<div class=\"wp-block-buttons is-layout-flex wp-block-buttons-is-layout-flex\">\n<div class=\"wp-block-button\"><a class=\"wp-block-button__link wp-element-button\" href=\"https:\/\/www.amazon.es\/M\u00f2nica-Linares-ebook\/dp\/B0G44VP55H\/ref=books_amazonstores_desktop_mfs_aufs_ap_sc_dsk_0?_encoding=UTF8&amp;pd_rd_w=hM7dE&amp;content-id=amzn1.sym.f5b37bd2-beee-4732-af8e-a4fc2fe2503c&amp;pf_rd_p=f5b37bd2-beee-4732-af8e-a4fc2fe2503c&amp;pf_rd_r=257-2223992-5908018&amp;pd_rd_wg=btmWx&amp;pd_rd_r=85eaa33f-0528-4e1d-b092-4e65c3890b05\">Cons\u00edguelo en Amazon<\/a><\/div>\n<\/div>\n<\/div>\n<\/div>\n\n\n\n<p><\/p>\n","protected":false},"excerpt":{"rendered":"<p>AXEL Y UN INTERCAMBIO EN NEVIDAD Axel Matheson necesita escapar. De los recuerdos, del dolor [&hellip;]<\/p>\n","protected":false},"author":1,"featured_media":0,"parent":0,"menu_order":0,"comment_status":"closed","ping_status":"closed","template":"","meta":{"_monsterinsights_skip_tracking":false,"_monsterinsights_sitenote_active":false,"_monsterinsights_sitenote_note":"","_monsterinsights_sitenote_category":0,"footnotes":""},"class_list":["post-2897","page","type-page","status-publish","hentry"],"yoast_head":"<!-- This site is optimized with the Yoast SEO plugin v27.2 - https:\/\/yoast.com\/product\/yoast-seo-wordpress\/ -->\n<title>Axel y un intercambio en Navidad -<\/title>\n<meta name=\"description\" content=\"Axel y un intercambio en Navidad una novela para la epoca de navidad que te hara volver a crer en el amor verdadero\" \/>\n<meta name=\"robots\" content=\"index, follow, max-snippet:-1, max-image-preview:large, max-video-preview:-1\" \/>\n<link rel=\"canonical\" href=\"https:\/\/monicalinaresescritora.com\/index.php\/axel-y-un-intercambio-en-navidad\/\" \/>\n<meta property=\"og:locale\" content=\"es_ES\" \/>\n<meta property=\"og:type\" content=\"article\" \/>\n<meta property=\"og:title\" content=\"Axel y un intercambio en Navidad -\" \/>\n<meta property=\"og:description\" content=\"Axel y un intercambio en Navidad una novela para la epoca de navidad que te hara volver a crer en el amor verdadero\" \/>\n<meta property=\"og:url\" content=\"https:\/\/monicalinaresescritora.com\/index.php\/axel-y-un-intercambio-en-navidad\/\" \/>\n<meta property=\"article:modified_time\" content=\"2026-04-08T16:36:10+00:00\" \/>\n<meta property=\"og:image\" content=\"https:\/\/monicalinaresescritora.com\/wp-content\/uploads\/2026\/04\/Portada-Navidad_Axel.jpg\" \/>\n\t<meta property=\"og:image:width\" content=\"1410\" \/>\n\t<meta property=\"og:image:height\" content=\"2250\" \/>\n\t<meta property=\"og:image:type\" content=\"image\/jpeg\" \/>\n<meta name=\"twitter:card\" content=\"summary_large_image\" \/>\n<meta name=\"twitter:label1\" content=\"Tiempo de lectura\" \/>\n\t<meta name=\"twitter:data1\" content=\"1 minuto\" \/>\n<script type=\"application\/ld+json\" class=\"yoast-schema-graph\">{\"@context\":\"https:\/\/schema.org\",\"@graph\":[{\"@type\":\"WebPage\",\"@id\":\"https:\/\/monicalinaresescritora.com\/index.php\/axel-y-un-intercambio-en-navidad\/\",\"url\":\"https:\/\/monicalinaresescritora.com\/index.php\/axel-y-un-intercambio-en-navidad\/\",\"name\":\"Axel y un intercambio en Navidad -\",\"isPartOf\":{\"@id\":\"https:\/\/monicalinaresescritora.com\/#website\"},\"primaryImageOfPage\":{\"@id\":\"https:\/\/monicalinaresescritora.com\/index.php\/axel-y-un-intercambio-en-navidad\/#primaryimage\"},\"image\":{\"@id\":\"https:\/\/monicalinaresescritora.com\/index.php\/axel-y-un-intercambio-en-navidad\/#primaryimage\"},\"thumbnailUrl\":\"https:\/\/monicalinaresescritora.com\/wp-content\/uploads\/2026\/04\/Portada-Navidad_Axel-642x1024.jpg\",\"datePublished\":\"2026-04-08T16:07:18+00:00\",\"dateModified\":\"2026-04-08T16:36:10+00:00\",\"description\":\"Axel y un intercambio en Navidad una novela para la epoca de navidad que te hara volver a crer en el amor verdadero\",\"breadcrumb\":{\"@id\":\"https:\/\/monicalinaresescritora.com\/index.php\/axel-y-un-intercambio-en-navidad\/#breadcrumb\"},\"inLanguage\":\"es\",\"potentialAction\":[{\"@type\":\"ReadAction\",\"target\":[\"https:\/\/monicalinaresescritora.com\/index.php\/axel-y-un-intercambio-en-navidad\/\"]}]},{\"@type\":\"ImageObject\",\"inLanguage\":\"es\",\"@id\":\"https:\/\/monicalinaresescritora.com\/index.php\/axel-y-un-intercambio-en-navidad\/#primaryimage\",\"url\":\"https:\/\/monicalinaresescritora.com\/wp-content\/uploads\/2026\/04\/Portada-Navidad_Axel.jpg\",\"contentUrl\":\"https:\/\/monicalinaresescritora.com\/wp-content\/uploads\/2026\/04\/Portada-Navidad_Axel.jpg\",\"width\":1410,\"height\":2250},{\"@type\":\"BreadcrumbList\",\"@id\":\"https:\/\/monicalinaresescritora.com\/index.php\/axel-y-un-intercambio-en-navidad\/#breadcrumb\",\"itemListElement\":[{\"@type\":\"ListItem\",\"position\":1,\"name\":\"Portada\",\"item\":\"https:\/\/monicalinaresescritora.com\/\"},{\"@type\":\"ListItem\",\"position\":2,\"name\":\"Axel y un intercambio en Navidad\"}]},{\"@type\":\"WebSite\",\"@id\":\"https:\/\/monicalinaresescritora.com\/#website\",\"url\":\"https:\/\/monicalinaresescritora.com\/\",\"name\":\"\",\"description\":\"\",\"publisher\":{\"@id\":\"https:\/\/monicalinaresescritora.com\/#\/schema\/person\/51592a7d272be90ff56f54100864db5d\"},\"potentialAction\":[{\"@type\":\"SearchAction\",\"target\":{\"@type\":\"EntryPoint\",\"urlTemplate\":\"https:\/\/monicalinaresescritora.com\/?s={search_term_string}\"},\"query-input\":{\"@type\":\"PropertyValueSpecification\",\"valueRequired\":true,\"valueName\":\"search_term_string\"}}],\"inLanguage\":\"es\"},{\"@type\":[\"Person\",\"Organization\"],\"@id\":\"https:\/\/monicalinaresescritora.com\/#\/schema\/person\/51592a7d272be90ff56f54100864db5d\",\"name\":\"monica.linares.escritora@gmail.com\",\"image\":{\"@type\":\"ImageObject\",\"inLanguage\":\"es\",\"@id\":\"https:\/\/monicalinaresescritora.com\/wp-content\/uploads\/2022\/06\/ctgdyfhijkghg-1.jpg\",\"url\":\"https:\/\/monicalinaresescritora.com\/wp-content\/uploads\/2022\/06\/ctgdyfhijkghg-1.jpg\",\"contentUrl\":\"https:\/\/monicalinaresescritora.com\/wp-content\/uploads\/2022\/06\/ctgdyfhijkghg-1.jpg\",\"width\":480,\"height\":421,\"caption\":\"monica.linares.escritora@gmail.com\"},\"logo\":{\"@id\":\"https:\/\/monicalinaresescritora.com\/wp-content\/uploads\/2022\/06\/ctgdyfhijkghg-1.jpg\"},\"sameAs\":[\"http:\/\/monicalinaresescritora.com\",\"https:\/\/www.instagram.com\/linares__monica\"]}]}<\/script>\n<!-- \/ Yoast SEO plugin. -->","yoast_head_json":{"title":"Axel y un intercambio en Navidad -","description":"Axel y un intercambio en Navidad una novela para la epoca de navidad que te hara volver a crer en el amor verdadero","robots":{"index":"index","follow":"follow","max-snippet":"max-snippet:-1","max-image-preview":"max-image-preview:large","max-video-preview":"max-video-preview:-1"},"canonical":"https:\/\/monicalinaresescritora.com\/index.php\/axel-y-un-intercambio-en-navidad\/","og_locale":"es_ES","og_type":"article","og_title":"Axel y un intercambio en Navidad -","og_description":"Axel y un intercambio en Navidad una novela para la epoca de navidad que te hara volver a crer en el amor verdadero","og_url":"https:\/\/monicalinaresescritora.com\/index.php\/axel-y-un-intercambio-en-navidad\/","article_modified_time":"2026-04-08T16:36:10+00:00","og_image":[{"width":1410,"height":2250,"url":"https:\/\/monicalinaresescritora.com\/wp-content\/uploads\/2026\/04\/Portada-Navidad_Axel.jpg","type":"image\/jpeg"}],"twitter_card":"summary_large_image","twitter_misc":{"Tiempo de lectura":"1 minuto"},"schema":{"@context":"https:\/\/schema.org","@graph":[{"@type":"WebPage","@id":"https:\/\/monicalinaresescritora.com\/index.php\/axel-y-un-intercambio-en-navidad\/","url":"https:\/\/monicalinaresescritora.com\/index.php\/axel-y-un-intercambio-en-navidad\/","name":"Axel y un intercambio en Navidad -","isPartOf":{"@id":"https:\/\/monicalinaresescritora.com\/#website"},"primaryImageOfPage":{"@id":"https:\/\/monicalinaresescritora.com\/index.php\/axel-y-un-intercambio-en-navidad\/#primaryimage"},"image":{"@id":"https:\/\/monicalinaresescritora.com\/index.php\/axel-y-un-intercambio-en-navidad\/#primaryimage"},"thumbnailUrl":"https:\/\/monicalinaresescritora.com\/wp-content\/uploads\/2026\/04\/Portada-Navidad_Axel-642x1024.jpg","datePublished":"2026-04-08T16:07:18+00:00","dateModified":"2026-04-08T16:36:10+00:00","description":"Axel y un intercambio en Navidad una novela para la epoca de navidad que te hara volver a crer en el amor verdadero","breadcrumb":{"@id":"https:\/\/monicalinaresescritora.com\/index.php\/axel-y-un-intercambio-en-navidad\/#breadcrumb"},"inLanguage":"es","potentialAction":[{"@type":"ReadAction","target":["https:\/\/monicalinaresescritora.com\/index.php\/axel-y-un-intercambio-en-navidad\/"]}]},{"@type":"ImageObject","inLanguage":"es","@id":"https:\/\/monicalinaresescritora.com\/index.php\/axel-y-un-intercambio-en-navidad\/#primaryimage","url":"https:\/\/monicalinaresescritora.com\/wp-content\/uploads\/2026\/04\/Portada-Navidad_Axel.jpg","contentUrl":"https:\/\/monicalinaresescritora.com\/wp-content\/uploads\/2026\/04\/Portada-Navidad_Axel.jpg","width":1410,"height":2250},{"@type":"BreadcrumbList","@id":"https:\/\/monicalinaresescritora.com\/index.php\/axel-y-un-intercambio-en-navidad\/#breadcrumb","itemListElement":[{"@type":"ListItem","position":1,"name":"Portada","item":"https:\/\/monicalinaresescritora.com\/"},{"@type":"ListItem","position":2,"name":"Axel y un intercambio en Navidad"}]},{"@type":"WebSite","@id":"https:\/\/monicalinaresescritora.com\/#website","url":"https:\/\/monicalinaresescritora.com\/","name":"","description":"","publisher":{"@id":"https:\/\/monicalinaresescritora.com\/#\/schema\/person\/51592a7d272be90ff56f54100864db5d"},"potentialAction":[{"@type":"SearchAction","target":{"@type":"EntryPoint","urlTemplate":"https:\/\/monicalinaresescritora.com\/?s={search_term_string}"},"query-input":{"@type":"PropertyValueSpecification","valueRequired":true,"valueName":"search_term_string"}}],"inLanguage":"es"},{"@type":["Person","Organization"],"@id":"https:\/\/monicalinaresescritora.com\/#\/schema\/person\/51592a7d272be90ff56f54100864db5d","name":"monica.linares.escritora@gmail.com","image":{"@type":"ImageObject","inLanguage":"es","@id":"https:\/\/monicalinaresescritora.com\/wp-content\/uploads\/2022\/06\/ctgdyfhijkghg-1.jpg","url":"https:\/\/monicalinaresescritora.com\/wp-content\/uploads\/2022\/06\/ctgdyfhijkghg-1.jpg","contentUrl":"https:\/\/monicalinaresescritora.com\/wp-content\/uploads\/2022\/06\/ctgdyfhijkghg-1.jpg","width":480,"height":421,"caption":"monica.linares.escritora@gmail.com"},"logo":{"@id":"https:\/\/monicalinaresescritora.com\/wp-content\/uploads\/2022\/06\/ctgdyfhijkghg-1.jpg"},"sameAs":["http:\/\/monicalinaresescritora.com","https:\/\/www.instagram.com\/linares__monica"]}]}},"_links":{"self":[{"href":"https:\/\/monicalinaresescritora.com\/index.php\/wp-json\/wp\/v2\/pages\/2897","targetHints":{"allow":["GET"]}}],"collection":[{"href":"https:\/\/monicalinaresescritora.com\/index.php\/wp-json\/wp\/v2\/pages"}],"about":[{"href":"https:\/\/monicalinaresescritora.com\/index.php\/wp-json\/wp\/v2\/types\/page"}],"author":[{"embeddable":true,"href":"https:\/\/monicalinaresescritora.com\/index.php\/wp-json\/wp\/v2\/users\/1"}],"replies":[{"embeddable":true,"href":"https:\/\/monicalinaresescritora.com\/index.php\/wp-json\/wp\/v2\/comments?post=2897"}],"version-history":[{"count":4,"href":"https:\/\/monicalinaresescritora.com\/index.php\/wp-json\/wp\/v2\/pages\/2897\/revisions"}],"predecessor-version":[{"id":2941,"href":"https:\/\/monicalinaresescritora.com\/index.php\/wp-json\/wp\/v2\/pages\/2897\/revisions\/2941"}],"wp:attachment":[{"href":"https:\/\/monicalinaresescritora.com\/index.php\/wp-json\/wp\/v2\/media?parent=2897"}],"curies":[{"name":"wp","href":"https:\/\/api.w.org\/{rel}","templated":true}]}}